{"id":10432,"date":"2025-11-12T15:56:11","date_gmt":"2025-11-12T15:56:11","guid":{"rendered":"https:\/\/haledpasha.com\/?post_type=product&#038;p=10432"},"modified":"2025-11-12T15:56:29","modified_gmt":"2025-11-12T15:56:29","slug":"soguk-sikim-zeytin-sutu","status":"publish","type":"product","link":"https:\/\/haledpasha.com\/tr\/product\/soguk-sikim-zeytin-sutu\/","title":{"rendered":"So\u011fuk S\u0131k\u0131m Zeytin S\u00fct\u00fc"},"content":{"rendered":"","protected":false},"excerpt":{"rendered":"","protected":false},"featured_media":10433,"comment_status":"open","ping_status":"closed","template":"","meta":{"_joinchat":[]},"product_brand":[],"product_cat":[120],"product_tag":[],"class_list":{"0":"post-10432","1":"product","2":"type-product","3":"status-publish","4":"has-post-thumbnail","6":"product_cat-yag","9":"instock","10":"shipping-taxable","11":"purchasable","12":"product-type-simple"},"jetpack_sharing_enabled":true,"_links":{"self":[{"href":"https:\/\/haledpasha.com\/tr\/wp-json\/wp\/v2\/product\/10432","targetHints":{"allow":["GET"]}}],"collection":[{"href":"https:\/\/haledpasha.com\/tr\/wp-json\/wp\/v2\/product"}],"about":[{"href":"https:\/\/haledpasha.com\/tr\/wp-json\/wp\/v2\/types\/product"}],"replies":[{"embeddable":true,"href":"https:\/\/haledpasha.com\/tr\/wp-json\/wp\/v2\/comments?post=10432"}],"version-history":[{"count":2,"href":"https:\/\/haledpasha.com\/tr\/wp-json\/wp\/v2\/product\/10432\/revisions"}],"predecessor-version":[{"id":10437,"href":"https:\/\/haledpasha.com\/tr\/wp-json\/wp\/v2\/product\/10432\/revisions\/10437"}],"wp:featuredmedia":[{"embeddable":true,"href":"https:\/\/haledpasha.com\/tr\/wp-json\/wp\/v2\/media\/10433"}],"wp:attachment":[{"href":"https:\/\/haledpasha.com\/tr\/wp-json\/wp\/v2\/media?parent=10432"}],"wp:term":[{"taxonomy":"product_brand","embeddable":true,"href":"https:\/\/haledpasha.com\/tr\/wp-json\/wp\/v2\/product_brand?post=10432"},{"taxonomy":"product_cat","embeddable":true,"href":"https:\/\/haledpasha.com\/tr\/wp-json\/wp\/v2\/product_cat?post=10432"},{"taxonomy":"product_tag","embeddable":true,"href":"https:\/\/haledpasha.com\/tr\/wp-json\/wp\/v2\/product_tag?post=10432"}],"curies":[{"name":"wp","href":"https:\/\/api.w.org\/{rel}","templated":true}]}}