{"id":10276,"date":"2025-11-12T15:26:37","date_gmt":"2025-11-12T15:26:37","guid":{"rendered":"https:\/\/haledpasha.com\/?post_type=product&#038;p=10276"},"modified":"2025-11-12T15:27:16","modified_gmt":"2025-11-12T15:27:16","slug":"kusburnu-cayi","status":"publish","type":"product","link":"https:\/\/haledpasha.com\/tr\/product\/kusburnu-cayi\/","title":{"rendered":"Ku\u015fburnu \u00c7ay\u0131"},"content":{"rendered":"","protected":false},"excerpt":{"rendered":"","protected":false},"featured_media":10277,"comment_status":"open","ping_status":"closed","template":"","meta":{"_joinchat":[]},"product_brand":[],"product_cat":[122],"product_tag":[],"class_list":{"0":"post-10276","1":"product","2":"type-product","3":"status-publish","4":"has-post-thumbnail","6":"product_cat-cay","9":"instock","10":"shipping-taxable","11":"purchasable","12":"product-type-simple"},"jetpack_sharing_enabled":true,"_links":{"self":[{"href":"https:\/\/haledpasha.com\/tr\/wp-json\/wp\/v2\/product\/10276","targetHints":{"allow":["GET"]}}],"collection":[{"href":"https:\/\/haledpasha.com\/tr\/wp-json\/wp\/v2\/product"}],"about":[{"href":"https:\/\/haledpasha.com\/tr\/wp-json\/wp\/v2\/types\/product"}],"replies":[{"embeddable":true,"href":"https:\/\/haledpasha.com\/tr\/wp-json\/wp\/v2\/comments?post=10276"}],"version-history":[{"count":1,"href":"https:\/\/haledpasha.com\/tr\/wp-json\/wp\/v2\/product\/10276\/revisions"}],"predecessor-version":[{"id":10280,"href":"https:\/\/haledpasha.com\/tr\/wp-json\/wp\/v2\/product\/10276\/revisions\/10280"}],"wp:featuredmedia":[{"embeddable":true,"href":"https:\/\/haledpasha.com\/tr\/wp-json\/wp\/v2\/media\/10277"}],"wp:attachment":[{"href":"https:\/\/haledpasha.com\/tr\/wp-json\/wp\/v2\/media?parent=10276"}],"wp:term":[{"taxonomy":"product_brand","embeddable":true,"href":"https:\/\/haledpasha.com\/tr\/wp-json\/wp\/v2\/product_brand?post=10276"},{"taxonomy":"product_cat","embeddable":true,"href":"https:\/\/haledpasha.com\/tr\/wp-json\/wp\/v2\/product_cat?post=10276"},{"taxonomy":"product_tag","embeddable":true,"href":"https:\/\/haledpasha.com\/tr\/wp-json\/wp\/v2\/product_tag?post=10276"}],"curies":[{"name":"wp","href":"https:\/\/api.w.org\/{rel}","templated":true}]}}