{"id":10236,"date":"2025-11-12T15:17:06","date_gmt":"2025-11-12T15:17:06","guid":{"rendered":"https:\/\/haledpasha.com\/?post_type=product&#038;p=10236"},"modified":"2025-11-12T15:17:20","modified_gmt":"2025-11-12T15:17:20","slug":"dogal-ozbekistan-beyaz-bali","status":"publish","type":"product","link":"https:\/\/haledpasha.com\/tr\/product\/dogal-ozbekistan-beyaz-bali\/","title":{"rendered":"Do\u011fal \u00d6zbekistan Beyaz Bal\u0131"},"content":{"rendered":"","protected":false},"excerpt":{"rendered":"","protected":false},"featured_media":10237,"comment_status":"open","ping_status":"closed","template":"","meta":{"_joinchat":[]},"product_brand":[],"product_cat":[116],"product_tag":[],"class_list":{"0":"post-10236","1":"product","2":"type-product","3":"status-publish","4":"has-post-thumbnail","6":"product_cat-bal","9":"instock","10":"shipping-taxable","11":"purchasable","12":"product-type-simple"},"jetpack_sharing_enabled":true,"_links":{"self":[{"href":"https:\/\/haledpasha.com\/tr\/wp-json\/wp\/v2\/product\/10236","targetHints":{"allow":["GET"]}}],"collection":[{"href":"https:\/\/haledpasha.com\/tr\/wp-json\/wp\/v2\/product"}],"about":[{"href":"https:\/\/haledpasha.com\/tr\/wp-json\/wp\/v2\/types\/product"}],"replies":[{"embeddable":true,"href":"https:\/\/haledpasha.com\/tr\/wp-json\/wp\/v2\/comments?post=10236"}],"version-history":[{"count":1,"href":"https:\/\/haledpasha.com\/tr\/wp-json\/wp\/v2\/product\/10236\/revisions"}],"predecessor-version":[{"id":10240,"href":"https:\/\/haledpasha.com\/tr\/wp-json\/wp\/v2\/product\/10236\/revisions\/10240"}],"wp:featuredmedia":[{"embeddable":true,"href":"https:\/\/haledpasha.com\/tr\/wp-json\/wp\/v2\/media\/10237"}],"wp:attachment":[{"href":"https:\/\/haledpasha.com\/tr\/wp-json\/wp\/v2\/media?parent=10236"}],"wp:term":[{"taxonomy":"product_brand","embeddable":true,"href":"https:\/\/haledpasha.com\/tr\/wp-json\/wp\/v2\/product_brand?post=10236"},{"taxonomy":"product_cat","embeddable":true,"href":"https:\/\/haledpasha.com\/tr\/wp-json\/wp\/v2\/product_cat?post=10236"},{"taxonomy":"product_tag","embeddable":true,"href":"https:\/\/haledpasha.com\/tr\/wp-json\/wp\/v2\/product_tag?post=10236"}],"curies":[{"name":"wp","href":"https:\/\/api.w.org\/{rel}","templated":true}]}}