{"id":10220,"date":"2025-11-12T15:14:40","date_gmt":"2025-11-12T15:14:40","guid":{"rendered":"https:\/\/haledpasha.com\/?post_type=product&#038;p=10220"},"modified":"2025-11-12T15:14:40","modified_gmt":"2025-11-12T15:14:40","slug":"sifir-seker-semdinli-suzme-cicek-bali","status":"publish","type":"product","link":"https:\/\/haledpasha.com\/tr\/product\/sifir-seker-semdinli-suzme-cicek-bali\/","title":{"rendered":"S\u0131f\u0131r \u015eeker \u015eemdinli S\u00fczme \u00c7i\u00e7ek Bal\u0131"},"content":{"rendered":"","protected":false},"excerpt":{"rendered":"","protected":false},"featured_media":10221,"comment_status":"open","ping_status":"closed","template":"","meta":{"_joinchat":[]},"product_brand":[],"product_cat":[116],"product_tag":[],"class_list":{"0":"post-10220","1":"product","2":"type-product","3":"status-publish","4":"has-post-thumbnail","6":"product_cat-bal","9":"instock","10":"shipping-taxable","11":"purchasable","12":"product-type-simple"},"jetpack_sharing_enabled":true,"_links":{"self":[{"href":"https:\/\/haledpasha.com\/tr\/wp-json\/wp\/v2\/product\/10220","targetHints":{"allow":["GET"]}}],"collection":[{"href":"https:\/\/haledpasha.com\/tr\/wp-json\/wp\/v2\/product"}],"about":[{"href":"https:\/\/haledpasha.com\/tr\/wp-json\/wp\/v2\/types\/product"}],"replies":[{"embeddable":true,"href":"https:\/\/haledpasha.com\/tr\/wp-json\/wp\/v2\/comments?post=10220"}],"version-history":[{"count":1,"href":"https:\/\/haledpasha.com\/tr\/wp-json\/wp\/v2\/product\/10220\/revisions"}],"predecessor-version":[{"id":10224,"href":"https:\/\/haledpasha.com\/tr\/wp-json\/wp\/v2\/product\/10220\/revisions\/10224"}],"wp:featuredmedia":[{"embeddable":true,"href":"https:\/\/haledpasha.com\/tr\/wp-json\/wp\/v2\/media\/10221"}],"wp:attachment":[{"href":"https:\/\/haledpasha.com\/tr\/wp-json\/wp\/v2\/media?parent=10220"}],"wp:term":[{"taxonomy":"product_brand","embeddable":true,"href":"https:\/\/haledpasha.com\/tr\/wp-json\/wp\/v2\/product_brand?post=10220"},{"taxonomy":"product_cat","embeddable":true,"href":"https:\/\/haledpasha.com\/tr\/wp-json\/wp\/v2\/product_cat?post=10220"},{"taxonomy":"product_tag","embeddable":true,"href":"https:\/\/haledpasha.com\/tr\/wp-json\/wp\/v2\/product_tag?post=10220"}],"curies":[{"name":"wp","href":"https:\/\/api.w.org\/{rel}","templated":true}]}}