{"id":10198,"date":"2025-11-12T15:11:17","date_gmt":"2025-11-12T15:11:17","guid":{"rendered":"https:\/\/haledpasha.com\/?post_type=product&#038;p=10198"},"modified":"2025-11-12T15:11:18","modified_gmt":"2025-11-12T15:11:18","slug":"karakovan-ozel-secim-suzme-cicek-bali","status":"publish","type":"product","link":"https:\/\/haledpasha.com\/tr\/product\/karakovan-ozel-secim-suzme-cicek-bali\/","title":{"rendered":"Karakovan \u00d6zel Se\u00e7im S\u00fczme \u00c7i\u00e7ek Bal\u0131"},"content":{"rendered":"","protected":false},"excerpt":{"rendered":"","protected":false},"featured_media":10199,"comment_status":"open","ping_status":"closed","template":"","meta":{"_joinchat":[]},"product_brand":[],"product_cat":[116],"product_tag":[],"class_list":{"0":"post-10198","1":"product","2":"type-product","3":"status-publish","4":"has-post-thumbnail","6":"product_cat-bal","9":"instock","10":"shipping-taxable","11":"purchasable","12":"product-type-simple"},"jetpack_sharing_enabled":true,"_links":{"self":[{"href":"https:\/\/haledpasha.com\/tr\/wp-json\/wp\/v2\/product\/10198","targetHints":{"allow":["GET"]}}],"collection":[{"href":"https:\/\/haledpasha.com\/tr\/wp-json\/wp\/v2\/product"}],"about":[{"href":"https:\/\/haledpasha.com\/tr\/wp-json\/wp\/v2\/types\/product"}],"replies":[{"embeddable":true,"href":"https:\/\/haledpasha.com\/tr\/wp-json\/wp\/v2\/comments?post=10198"}],"version-history":[{"count":1,"href":"https:\/\/haledpasha.com\/tr\/wp-json\/wp\/v2\/product\/10198\/revisions"}],"predecessor-version":[{"id":10202,"href":"https:\/\/haledpasha.com\/tr\/wp-json\/wp\/v2\/product\/10198\/revisions\/10202"}],"wp:featuredmedia":[{"embeddable":true,"href":"https:\/\/haledpasha.com\/tr\/wp-json\/wp\/v2\/media\/10199"}],"wp:attachment":[{"href":"https:\/\/haledpasha.com\/tr\/wp-json\/wp\/v2\/media?parent=10198"}],"wp:term":[{"taxonomy":"product_brand","embeddable":true,"href":"https:\/\/haledpasha.com\/tr\/wp-json\/wp\/v2\/product_brand?post=10198"},{"taxonomy":"product_cat","embeddable":true,"href":"https:\/\/haledpasha.com\/tr\/wp-json\/wp\/v2\/product_cat?post=10198"},{"taxonomy":"product_tag","embeddable":true,"href":"https:\/\/haledpasha.com\/tr\/wp-json\/wp\/v2\/product_tag?post=10198"}],"curies":[{"name":"wp","href":"https:\/\/api.w.org\/{rel}","templated":true}]}}