{"id":9987,"date":"2022-01-04T10:12:00","date_gmt":"2022-01-04T10:12:00","guid":{"rendered":"https:\/\/haledpasha.com\/bize-ulasin\/"},"modified":"2025-10-09T18:47:39","modified_gmt":"2025-10-09T18:47:39","slug":"bize-ulasin","status":"publish","type":"page","link":"https:\/\/haledpasha.com\/tr\/bize-ulasin\/","title":{"rendered":"Bize ula\u015f\u0131n"},"content":{"rendered":"\t\t<div data-elementor-type=\"wp-page\" data-elementor-id=\"9987\" class=\"elementor elementor-9987 elementor-149\" data-elementor-post-type=\"page\">\n\t\t\t\t<div class=\"elementor-element elementor-element-ccc3ee5 e-flex e-con-boxed e-con e-parent\" data-id=\"ccc3ee5\" data-element_type=\"container\">\n\t\t\t\t\t<div class=\"e-con-inner\">\n\t\t\t\t<div class=\"elementor-element elementor-element-76a1628 elementor-widget elementor-widget-heading\" data-id=\"76a1628\" data-element_type=\"widget\" data-widget_type=\"heading.default\">\n\t\t\t\t\t<h1 class=\"elementor-heading-title elementor-size-default\">\u0130leti\u015fim<\/h1>\t\t\t\t<\/div>\n\t\t\t\t<div class=\"elementor-element elementor-element-007ae0b elementor-widget elementor-widget-html\" data-id=\"007ae0b\" data-element_type=\"widget\" data-widget_type=\"html.default\">\n\t\t\t\t\t<iframe src=\"https:\/\/www.google.com\/maps\/embed?pb=!1m18!1m12!1m3!1d3025.285144065868!2d30.24406189999999!3d40.6897173!2m3!1f0!2f0!3f0!3m2!1i1024!2i768!4f13.1!3m3!1m2!1s0x2b1312f5f42f1ab1%3A0xbd373107dffd3fab!2z2K7Yp9mE2K8g2KjYp9i02Kcg2YLYsdmI2Kg!5e0!3m2!1str!2str!4v1759248552646!5m2!1str!2str\" width=\"800\" height=\"600\" style=\"border:0;\" allowfullscreen=\"\" loading=\"lazy\" referrerpolicy=\"no-referrer-when-downgrade\"><\/iframe>\t\t\t\t<\/div>\n\t\t\t\t\t<\/div>\n\t\t\t\t<\/div>\n\t\t<div class=\"elementor-element elementor-element-3b660ed e-flex e-con-boxed e-con e-parent\" data-id=\"3b660ed\" data-element_type=\"container\">\n\t\t\t\t\t<div class=\"e-con-inner\">\n\t\t<div class=\"elementor-element elementor-element-14bc5b8 e-con-full e-flex e-con e-child\" data-id=\"14bc5b8\" data-element_type=\"container\">\n\t\t\t\t<div class=\"elementor-element elementor-element-c97d89c elementor-view-default elementor-position-top elementor-mobile-position-top elementor-widget elementor-widget-icon-box\" data-id=\"c97d89c\" data-element_type=\"widget\" data-widget_type=\"icon-box.default\">\n\t\t\t\t\t\t\t<div class=\"elementor-icon-box-wrapper\">\n\n\t\t\t\t\t\t<div class=\"elementor-icon-box-icon\">\n\t\t\t\t<span  class=\"elementor-icon\">\n\t\t\t\t<i aria-hidden=\"true\" class=\"tb-icon tb-icon-location-on\"><\/i>\t\t\t\t<\/span>\n\t\t\t<\/div>\n\t\t\t\n\t\t\t\t\t\t<div class=\"elementor-icon-box-content\">\n\n\t\t\t\t\t\t\t\t\t<h3 class=\"elementor-icon-box-title\">\n\t\t\t\t\t\t<span  >\n\t\t\t\t\t\t\tMa\u011fazam\u0131z\t\t\t\t\t\t<\/span>\n\t\t\t\t\t<\/h3>\n\t\t\t\t\n\t\t\t\t\t\t\t\t\t<p class=\"elementor-icon-box-description\">\n\t\t\t\t\t\t\u00c7AY\u0130\u00c7\u0130 MAH. EMRE k. NO 5, 1 \u0130\u00c7 KAPI NO:1, 54600 Sapanca\/Sakarya\t\t\t\t\t<\/p>\n\t\t\t\t\n\t\t\t<\/div>\n\t\t\t\n\t\t<\/div>\n\t\t\t\t\t\t<\/div>\n\t\t\t\t<\/div>\n\t\t<div class=\"elementor-element elementor-element-dbfaede e-con-full e-flex e-con e-child\" data-id=\"dbfaede\" data-element_type=\"container\">\n\t\t\t\t<div class=\"elementor-element elementor-element-3309fb5 elementor-view-default elementor-position-top elementor-mobile-position-top elementor-widget elementor-widget-icon-box\" data-id=\"3309fb5\" data-element_type=\"widget\" data-widget_type=\"icon-box.default\">\n\t\t\t\t\t\t\t<div class=\"elementor-icon-box-wrapper\">\n\n\t\t\t\t\t\t<div class=\"elementor-icon-box-icon\">\n\t\t\t\t<span  class=\"elementor-icon\">\n\t\t\t\t<i aria-hidden=\"true\" class=\"tb-icon tb-icon-phone-2\"><\/i>\t\t\t\t<\/span>\n\t\t\t<\/div>\n\t\t\t\n\t\t\t\t\t\t<div class=\"elementor-icon-box-content\">\n\n\t\t\t\t\t\t\t\t\t<h3 class=\"elementor-icon-box-title\">\n\t\t\t\t\t\t<span  >\n\t\t\t\t\t\t\t\u0130leti\u015fim bilgileri\t\t\t\t\t\t<\/span>\n\t\t\t\t\t<\/h3>\n\t\t\t\t\n\t\t\t\t\t\t\t\t\t<p class=\"elementor-icon-box-description\">\n\t\t\t\t\t\tTelefon: 90 (530) 866 89 99\u202c<br>E-posta: info@haledpasha.com\t\t\t\t\t<\/p>\n\t\t\t\t\n\t\t\t<\/div>\n\t\t\t\n\t\t<\/div>\n\t\t\t\t\t\t<\/div>\n\t\t\t\t<\/div>\n\t\t<div class=\"elementor-element elementor-element-d9db5a2 e-con-full e-flex e-con e-child\" data-id=\"d9db5a2\" data-element_type=\"container\">\n\t\t\t\t<div class=\"elementor-element elementor-element-b24242e elementor-view-default elementor-position-top elementor-mobile-position-top elementor-widget elementor-widget-icon-box\" data-id=\"b24242e\" data-element_type=\"widget\" data-widget_type=\"icon-box.default\">\n\t\t\t\t\t\t\t<div class=\"elementor-icon-box-wrapper\">\n\n\t\t\t\t\t\t<div class=\"elementor-icon-box-icon\">\n\t\t\t\t<span  class=\"elementor-icon\">\n\t\t\t\t<i aria-hidden=\"true\" class=\"tb-icon tb-icon-alarm\"><\/i>\t\t\t\t<\/span>\n\t\t\t<\/div>\n\t\t\t\n\t\t\t\t\t\t<div class=\"elementor-icon-box-content\">\n\n\t\t\t\t\t\t\t\t\t<h3 class=\"elementor-icon-box-title\">\n\t\t\t\t\t\t<span  >\n\t\t\t\t\t\t\t\u00c7al\u0131\u015fma saatleri\t\t\t\t\t\t<\/span>\n\t\t\t\t\t<\/h3>\n\t\t\t\t\n\t\t\t\t\t\t\t\t\t<p class=\"elementor-icon-box-description\">\n\t\t\t\t\t\tPazartesi - Pazar:<br>09:00 - 20:00\t\t\t\t\t<\/p>\n\t\t\t\t\n\t\t\t<\/div>\n\t\t\t\n\t\t<\/div>\n\t\t\t\t\t\t<\/div>\n\t\t\t\t<\/div>\n\t\t\t\t\t<\/div>\n\t\t\t\t<\/div>\n\t\t<div class=\"elementor-element elementor-element-5d6effd e-flex e-con-boxed e-con e-parent\" data-id=\"5d6effd\" data-element_type=\"container\">\n\t\t\t\t\t<div class=\"e-con-inner\">\n\t\t\t\t<div class=\"elementor-element elementor-element-3ce9277 elementor-widget-divider--view-line elementor-widget elementor-widget-divider\" data-id=\"3ce9277\" data-element_type=\"widget\" data-widget_type=\"divider.default\">\n\t\t\t\t\t\t\t<div class=\"elementor-divider\">\n\t\t\t<span class=\"elementor-divider-separator\">\n\t\t\t\t\t\t<\/span>\n\t\t<\/div>\n\t\t\t\t\t\t<\/div>\n\t\t\t\t\t<\/div>\n\t\t\t\t<\/div>\n\t\t<div class=\"elementor-element elementor-element-a778869 e-flex e-con-boxed e-con e-parent\" data-id=\"a778869\" data-element_type=\"container\">\n\t\t\t\t\t<div class=\"e-con-inner\">\n\t\t<div class=\"elementor-element elementor-element-6ce5489 e-con-full e-flex e-con e-child\" data-id=\"6ce5489\" data-element_type=\"container\">\n\t\t\t\t<\/div>\n\t\t<div class=\"elementor-element elementor-element-73adff7 e-con-full e-flex e-con e-child\" data-id=\"73adff7\" data-element_type=\"container\">\n\t\t\t\t<div class=\"elementor-element elementor-element-0c29852 elementor-widget elementor-widget-heading\" data-id=\"0c29852\" data-element_type=\"widget\" data-widget_type=\"heading.default\">\n\t\t\t\t\t<h4 class=\"elementor-heading-title elementor-size-default\">Bize mesaj g\u00f6nder<\/h4>\t\t\t\t<\/div>\n\t\t\t\t<div class=\"elementor-element elementor-element-91355a2 elementor-widget elementor-widget-heading\" data-id=\"91355a2\" data-element_type=\"widget\" data-widget_type=\"heading.default\">\n\t\t\t\t\t<h6 class=\"elementor-heading-title elementor-size-default\">Buradan bize istedi\u011fini sorabilirsin<\/h6>\t\t\t\t<\/div>\n\t\t\t\t<\/div>\n\t\t<div class=\"elementor-element elementor-element-68dc54e e-con-full e-flex e-con e-child\" data-id=\"68dc54e\" data-element_type=\"container\">\n\t\t\t\t<\/div>\n\t\t\t\t\t<\/div>\n\t\t\t\t<\/div>\n\t\t\t\t<\/div>\n\t\t","protected":false},"excerpt":{"rendered":"<p>\u0130leti\u015fim Ma\u011fazam\u0131z \u00c7AY\u0130\u00c7\u0130 MAH. EMRE k. NO 5, 1 \u0130\u00c7 KAPI NO:1, 54600 Sapanca\/Sakarya \u0130leti\u015fim bilgileri Telefon: 90 (530) 866 89 99\u202cE-posta: info@haledpasha.com \u00c7al\u0131\u015fma saatleri Pazartesi &#8211; Pazar:09:00 &#8211; 20:00 Bize mesaj g\u00f6nder Buradan bize istedi\u011fini sorabilirsin<\/p>\n","protected":false},"author":1,"featured_media":0,"parent":0,"menu_order":0,"comment_status":"closed","ping_status":"closed","template":"","meta":{"_joinchat":[],"footnotes":""},"class_list":["post-9987","page","type-page","status-publish","hentry"],"_hostinger_reach_plugin_has_subscription_block":false,"_hostinger_reach_plugin_is_elementor":false,"jetpack_sharing_enabled":true,"_links":{"self":[{"href":"https:\/\/haledpasha.com\/tr\/wp-json\/wp\/v2\/pages\/9987","targetHints":{"allow":["GET"]}}],"collection":[{"href":"https:\/\/haledpasha.com\/tr\/wp-json\/wp\/v2\/pages"}],"about":[{"href":"https:\/\/haledpasha.com\/tr\/wp-json\/wp\/v2\/types\/page"}],"author":[{"embeddable":true,"href":"https:\/\/haledpasha.com\/tr\/wp-json\/wp\/v2\/users\/1"}],"replies":[{"embeddable":true,"href":"https:\/\/haledpasha.com\/tr\/wp-json\/wp\/v2\/comments?post=9987"}],"version-history":[{"count":1,"href":"https:\/\/haledpasha.com\/tr\/wp-json\/wp\/v2\/pages\/9987\/revisions"}],"predecessor-version":[{"id":9988,"href":"https:\/\/haledpasha.com\/tr\/wp-json\/wp\/v2\/pages\/9987\/revisions\/9988"}],"wp:attachment":[{"href":"https:\/\/haledpasha.com\/tr\/wp-json\/wp\/v2\/media?parent=9987"}],"curies":[{"name":"wp","href":"https:\/\/api.w.org\/{rel}","templated":true}]}}