{"id":9983,"date":"2022-01-04T10:11:47","date_gmt":"2022-01-04T10:11:47","guid":{"rendered":"https:\/\/haledpasha.com\/hakkimizda\/"},"modified":"2025-10-09T18:45:32","modified_gmt":"2025-10-09T18:45:32","slug":"hakkimizda","status":"publish","type":"page","link":"https:\/\/haledpasha.com\/tr\/hakkimizda\/","title":{"rendered":"Hakk\u0131m\u0131zda"},"content":{"rendered":"\t\t<div data-elementor-type=\"wp-page\" data-elementor-id=\"9983\" class=\"elementor elementor-9983 elementor-147\" data-elementor-post-type=\"page\">\n\t\t\t\t<div class=\"elementor-element elementor-element-91ac8ed e-flex e-con-boxed e-con e-parent\" data-id=\"91ac8ed\" data-element_type=\"container\">\n\t\t\t\t\t<div class=\"e-con-inner\">\n\t\t\t\t<div class=\"elementor-element elementor-element-c31c102 elementor-widget__width-initial elementor-widget elementor-widget-heading\" data-id=\"c31c102\" data-element_type=\"widget\" data-widget_type=\"heading.default\">\n\t\t\t\t\t<h3 class=\"elementor-heading-title elementor-size-default\">HALED PA\u015eA GROUP TUR\u0130ZM LTD.\u015eT\u0130<\/h3>\t\t\t\t<\/div>\n\t\t\t\t<div class=\"elementor-element elementor-element-afd45d6 elementor-widget__width-initial elementor-widget elementor-widget-text-editor\" data-id=\"afd45d6\" data-element_type=\"widget\" data-widget_type=\"text-editor.default\">\n\t\t\t\t\t\t\t\t\t<p data-start=\"113\" data-end=\"363\">Do\u011fan\u0131n en saf ve de\u011ferli hazinelerini sofran\u0131za getirme misyonuyla yola \u00e7\u0131kt\u0131k. Bal, zeytinya\u011f\u0131, kuru incir ve geleneksel bitki \u00e7aylar\u0131 yelpazemizle, hem sa\u011fl\u0131kl\u0131 hem de do\u011fal \u00fcr\u00fcnler sunmaya kararl\u0131y\u0131z.<\/p><p data-start=\"365\" data-end=\"630\">Anadolu&#8217;nun zengin miras\u0131ndan ilham alarak, \u00fcretimimizin her a\u015famas\u0131nda <strong data-start=\"436\" data-end=\"472\">\u00f6zg\u00fcnl\u00fck, kalite ve g\u00fcven<\/strong> ilkelerini g\u00f6zetiyoruz. \u00dcr\u00fcnlerimiz katk\u0131 maddesi kullan\u0131lmadan, tamamen do\u011fal y\u00f6ntemlerle haz\u0131rlan\u0131yor ve modern hijyen standartlar\u0131nda paketleniyor.<\/p><p data-start=\"632\" data-end=\"783\">Sakarya&#8217;dan T\u00fcrkiye&#8217;nin d\u00f6rt bir yan\u0131na ve d\u00fcnya \u00fclkelerine sadece lezzetli tatlar de\u011fil, ayn\u0131 zamanda <strong data-start=\"754\" data-end=\"780\">sa\u011fl\u0131k ve g\u00fcvenilirlik<\/strong> de ula\u015ft\u0131r\u0131yoruz.<\/p><p data-start=\"785\" data-end=\"951\">Bizim i\u00e7in her bal kavanozunun, her damla zeytinya\u011f\u0131n\u0131n, her kuru incirin ve her fincan \u00e7ay\u0131n do\u011fadan gelen bir arma\u011fan oldu\u011funu d\u00fc\u015f\u00fcn\u00fcyor ve bunu sizinle payla\u015fmaktan gurur duyuyoruz.<\/p>\t\t\t\t\t\t\t\t<\/div>\n\t\t\t\t\t<\/div>\n\t\t\t\t<\/div>\n\t\t<div class=\"elementor-element elementor-element-b6e0562 e-flex e-con-boxed e-con e-parent\" data-id=\"b6e0562\" data-element_type=\"container\">\n\t\t\t\t\t<div class=\"e-con-inner\">\n\t\t<div class=\"elementor-element elementor-element-8609b08 e-flex e-con-boxed e-con e-child\" data-id=\"8609b08\" data-element_type=\"container\">\n\t\t\t\t\t<div class=\"e-con-inner\">\n\t\t\t\t<div class=\"elementor-element elementor-element-a3837aa elementor-widget-divider--view-line elementor-widget elementor-widget-divider\" data-id=\"a3837aa\" data-element_type=\"widget\" data-widget_type=\"divider.default\">\n\t\t\t\t\t\t\t<div class=\"elementor-divider\">\n\t\t\t<span class=\"elementor-divider-separator\">\n\t\t\t\t\t\t<\/span>\n\t\t<\/div>\n\t\t\t\t\t\t<\/div>\n\t\t\t\t\t<\/div>\n\t\t\t\t<\/div>\n\t\t\t\t\t<\/div>\n\t\t\t\t<\/div>\n\t\t\t\t<\/div>\n\t\t","protected":false},"excerpt":{"rendered":"<p>HALED PA\u015eA GROUP TUR\u0130ZM LTD.\u015eT\u0130 Do\u011fan\u0131n en saf ve de\u011ferli hazinelerini sofran\u0131za getirme misyonuyla yola \u00e7\u0131kt\u0131k. Bal, zeytinya\u011f\u0131, kuru incir ve geleneksel bitki \u00e7aylar\u0131 yelpazemizle, hem sa\u011fl\u0131kl\u0131 hem de do\u011fal \u00fcr\u00fcnler sunmaya kararl\u0131y\u0131z. Anadolu&#8217;nun zengin miras\u0131ndan ilham alarak, \u00fcretimimizin her a\u015famas\u0131nda \u00f6zg\u00fcnl\u00fck, kalite ve g\u00fcven ilkelerini g\u00f6zetiyoruz. \u00dcr\u00fcnlerimiz katk\u0131 maddesi kullan\u0131lmadan, tamamen do\u011fal y\u00f6ntemlerle haz\u0131rlan\u0131yor &hellip; <a href=\"https:\/\/haledpasha.com\/tr\/hakkimizda\/\" class=\"more-link\">Continue reading <span class=\"screen-reader-text\">Hakk\u0131m\u0131zda<\/span><\/a><\/p>\n","protected":false},"author":1,"featured_media":0,"parent":0,"menu_order":0,"comment_status":"closed","ping_status":"closed","template":"","meta":{"_joinchat":[],"footnotes":""},"class_list":["post-9983","page","type-page","status-publish","hentry"],"_hostinger_reach_plugin_has_subscription_block":false,"_hostinger_reach_plugin_is_elementor":false,"jetpack_sharing_enabled":true,"_links":{"self":[{"href":"https:\/\/haledpasha.com\/tr\/wp-json\/wp\/v2\/pages\/9983","targetHints":{"allow":["GET"]}}],"collection":[{"href":"https:\/\/haledpasha.com\/tr\/wp-json\/wp\/v2\/pages"}],"about":[{"href":"https:\/\/haledpasha.com\/tr\/wp-json\/wp\/v2\/types\/page"}],"author":[{"embeddable":true,"href":"https:\/\/haledpasha.com\/tr\/wp-json\/wp\/v2\/users\/1"}],"replies":[{"embeddable":true,"href":"https:\/\/haledpasha.com\/tr\/wp-json\/wp\/v2\/comments?post=9983"}],"version-history":[{"count":1,"href":"https:\/\/haledpasha.com\/tr\/wp-json\/wp\/v2\/pages\/9983\/revisions"}],"predecessor-version":[{"id":9984,"href":"https:\/\/haledpasha.com\/tr\/wp-json\/wp\/v2\/pages\/9983\/revisions\/9984"}],"wp:attachment":[{"href":"https:\/\/haledpasha.com\/tr\/wp-json\/wp\/v2\/media?parent=9983"}],"curies":[{"name":"wp","href":"https:\/\/api.w.org\/{rel}","templated":true}]}}